{"id":64,"date":"2023-06-29T08:34:45","date_gmt":"2023-06-29T08:34:45","guid":{"rendered":"https:\/\/wildt.chd.at\/?page_id=64"},"modified":"2023-06-29T08:34:45","modified_gmt":"2023-06-29T08:34:45","slug":"team","status":"publish","type":"page","link":"https:\/\/wildt.chd.at\/?page_id=64","title":{"rendered":"Team"},"content":{"rendered":"<p>[et_pb_section fb_built=&#8220;1&#8243; admin_label=&#8220;Header&#8220; _builder_version=&#8220;4.21.0&#8243; _module_preset=&#8220;default&#8220; background_color=&#8220;gcid-1c7f682d-c09a-42e9-8b1c-535ba676533f&#8220; use_background_color_gradient=&#8220;on&#8220; background_color_gradient_direction=&#8220;90deg&#8220; background_color_gradient_stops=&#8220;gcid-1c7f682d-c09a-42e9-8b1c-535ba676533f 65%|rgba(255,255,255,0) 65%&#8220; background_color_gradient_overlays_image=&#8220;on&#8220; background_enable_image=&#8220;off&#8220; custom_padding=&#8220;5vw||5vw||true|false&#8220; background_last_edited=&#8220;on|tablet&#8220; background_color_gradient_direction_tablet=&#8220;180deg&#8220; collapsed=&#8220;off&#8220; global_colors_info=&#8220;{%22gcid-1c7f682d-c09a-42e9-8b1c-535ba676533f%22:%91%22background_color%22,%22background_color_gradient_stops%22%93}&#8220; theme_builder_area=&#8220;post_content&#8220;][et_pb_row column_structure=&#8220;1_2,1_2&#8243; _builder_version=&#8220;4.21.0&#8243; _module_preset=&#8220;default&#8220; z_index=&#8220;1&#8243; hover_enabled=&#8220;0&#8243; global_colors_info=&#8220;{}&#8220; theme_builder_area=&#8220;post_content&#8220; custom_margin=&#8220;||38px||false|false&#8220; sticky_enabled=&#8220;0&#8243;][et_pb_column type=&#8220;1_2&#8243; _builder_version=&#8220;4.20.0&#8243; _module_preset=&#8220;default&#8220; z_index=&#8220;10&#8243; z_index_tablet=&#8220;2&#8243; z_index_phone=&#8220;2&#8243; z_index_last_edited=&#8220;on|tablet&#8220; global_colors_info=&#8220;{}&#8220; theme_builder_area=&#8220;post_content&#8220;][et_pb_text _builder_version=&#8220;4.21.0&#8243; _module_preset=&#8220;8ac1dee6-98c6-48a9-82f4-d5b60672dc1c&#8220; global_colors_info=&#8220;{}&#8220; theme_builder_area=&#8220;post_content&#8220;]<\/p>\n<h4>Tierarztpraxis<\/h4>\n<p>[\/et_pb_text][et_pb_text _builder_version=&#8220;4.21.0&#8243; _module_preset=&#8220;535d8f2f-31e5-4d89-a1b7-628b39b74c23&#8243; hover_enabled=&#8220;0&#8243; global_colors_info=&#8220;{}&#8220; theme_builder_area=&#8220;post_content&#8220; sticky_enabled=&#8220;0&#8243;]<\/p>\n<h1>Team<\/h1>\n<p>[\/et_pb_text][et_pb_divider color=&#8220;rgba(0,0,0,0.2)&#8220; divider_weight=&#8220;2px&#8220; _builder_version=&#8220;4.20.0&#8243; _module_preset=&#8220;default&#8220; custom_margin=&#8220;|-24%|||false|false&#8220; custom_margin_tablet=&#8220;|0%|||false|false&#8220; custom_margin_phone=&#8220;|0%|||false|false&#8220; custom_margin_last_edited=&#8220;on|tablet&#8220; global_colors_info=&#8220;{}&#8220; theme_builder_area=&#8220;post_content&#8220;][\/et_pb_divider][et_pb_text _builder_version=&#8220;4.21.0&#8243; _module_preset=&#8220;407614ff-e5d3-496d-81a7-b4c29cc01704&#8243; global_colors_info=&#8220;{}&#8220; theme_builder_area=&#8220;post_content&#8220;]<\/p>\n<h2>Orination f\u00fcr Kleintiere<\/h2>\n<p>[\/et_pb_text][et_pb_button button_text=&#8220;Terminvereinbarung&#8220; _builder_version=&#8220;4.21.0&#8243; _module_preset=&#8220;d2d56f41-f1f1-443b-8450-0fda987ed444&#8243; global_colors_info=&#8220;{}&#8220; theme_builder_area=&#8220;post_content&#8220;][\/et_pb_button][et_pb_image src=&#8220;https:\/\/wildt.chd.at\/wp-content\/uploads\/2023\/06\/coaching-1.png&#8220; title_text=&#8220;coaching-1&#8243; _builder_version=&#8220;4.21.0&#8243; _module_preset=&#8220;default&#8220; positioning=&#8220;absolute&#8220; position_origin_a=&#8220;bottom_left&#8220; vertical_offset=&#8220;-5%&#8220; horizontal_offset=&#8220;-15%&#8220; z_index=&#8220;-1&#8243; width=&#8220;70%&#8220; global_colors_info=&#8220;{}&#8220; theme_builder_area=&#8220;post_content&#8220;][\/et_pb_image][\/et_pb_column][et_pb_column type=&#8220;1_2&#8243; _builder_version=&#8220;4.20.0&#8243; _module_preset=&#8220;default&#8220; global_colors_info=&#8220;{}&#8220; theme_builder_area=&#8220;post_content&#8220;][et_pb_image src=&#8220;https:\/\/wildt.chd.at\/wp-content\/uploads\/2023\/06\/20230607_172956-scaled.jpg&#8220; title_text=&#8220;20230607_172956&#8243; _builder_version=&#8220;4.21.0&#8243; _module_preset=&#8220;default&#8220; max_width=&#8220;100%&#8220; max_height_tablet=&#8220;300px&#8220; max_height_phone=&#8220;300px&#8220; max_height_last_edited=&#8220;on|tablet&#8220; hover_enabled=&#8220;0&#8243; locked=&#8220;off&#8220; global_colors_info=&#8220;{}&#8220; theme_builder_area=&#8220;post_content&#8220; sticky_enabled=&#8220;0&#8243;][\/et_pb_image][\/et_pb_column][\/et_pb_row][et_pb_row _builder_version=&#8220;4.21.0&#8243; _module_preset=&#8220;default&#8220; column_structure=&#8220;1_2,1_2&#8243; theme_builder_area=&#8220;post_content&#8220;][et_pb_column _builder_version=&#8220;4.21.0&#8243; _module_preset=&#8220;default&#8220; type=&#8220;1_2&#8243; theme_builder_area=&#8220;post_content&#8220;][et_pb_text _builder_version=&#8220;4.21.0&#8243; _module_preset=&#8220;8ac1dee6-98c6-48a9-82f4-d5b60672dc1c&#8220; hover_enabled=&#8220;0&#8243; global_colors_info=&#8220;{}&#8220; theme_builder_area=&#8220;post_content&#8220; sticky_enabled=&#8220;0&#8243;]<\/p>\n<p class=\"paragraph_style_5\"><strong><span class=\"style_13\">Mag.med.vet. Herbert Wildt,<\/span><\/strong><span class=\"style_14\"><br \/><\/span><span class=\"style_15\">Praxisinhaber u. -leiter<\/span><span class=\"style_15\"><\/span><\/p>\n<p class=\"paragraph_style_5\"><span class=\"style_15\">Schon w\u00e4hrend des Studiums hat er begonnen Erfahrungen bei verschiedenen Tier\u00e4rzten und Kliniken als Assistent zu sammeln. Nach dem Studienabschluss 1999 an der Vet.med.Uni Wien arbeitete er als Assistenztierarzt in einer grossen Gemischttierpraxis in N.\u00d6., wird dann Berater bei einem Pharmaunternehmen (GSK). 2002 wird er Amtstierarzt bei der Bgld. Landesregierung, zust\u00e4ndig f\u00fcr den Bezirk Mattersburg. Jahrelang betreute er das burgenl\u00e4ndische Tierschutzhaus als Tierarzt, nachdem er 2004 seine eigene Praxis gegr\u00fcndet hat. Durch laufenden Besuch von Fortbildungen im In- &amp; Ausland ist er bestrebt f\u00fcr seine Patienten immer auf dem aktuellsten Wissensstand zu sein.<\/span><\/p>\n<p>[\/et_pb_text][\/et_pb_column][et_pb_column _builder_version=&#8220;4.21.0&#8243; _module_preset=&#8220;default&#8220; type=&#8220;1_2&#8243; theme_builder_area=&#8220;post_content&#8220;][et_pb_image src=&#8220;https:\/\/wildt.chd.at\/wp-content\/uploads\/2023\/06\/20230623_104012_2.jpg&#8220; _builder_version=&#8220;4.21.0&#8243; _module_preset=&#8220;default&#8220; theme_builder_area=&#8220;post_content&#8220; title_text=&#8220;20230623_104012_2&#8243; hover_enabled=&#8220;0&#8243; sticky_enabled=&#8220;0&#8243;][\/et_pb_image][\/et_pb_column][\/et_pb_row][et_pb_row _builder_version=&#8220;4.21.0&#8243; _module_preset=&#8220;default&#8220; column_structure=&#8220;1_2,1_2&#8243; theme_builder_area=&#8220;post_content&#8220;][et_pb_column _builder_version=&#8220;4.21.0&#8243; _module_preset=&#8220;default&#8220; type=&#8220;1_2&#8243; theme_builder_area=&#8220;post_content&#8220;][et_pb_text _builder_version=&#8220;4.21.0&#8243; _module_preset=&#8220;8ac1dee6-98c6-48a9-82f4-d5b60672dc1c&#8220; hover_enabled=&#8220;0&#8243; global_colors_info=&#8220;{}&#8220; theme_builder_area=&#8220;post_content&#8220; sticky_enabled=&#8220;0&#8243;]<\/p>\n<p class=\"paragraph_style_5\"><strong><span class=\"style_13\">Name<\/span><\/strong><span class=\"style_14\"><br \/><\/span><span class=\"style_15\">Jobdesciption<\/span><span class=\"style_15\"><\/span><\/p>\n<p class=\"paragraph_style_5\"><span class=\"style_15\">xxxx<\/span><\/p>\n<p>[\/et_pb_text][\/et_pb_column][et_pb_column _builder_version=&#8220;4.21.0&#8243; _module_preset=&#8220;default&#8220; type=&#8220;1_2&#8243; theme_builder_area=&#8220;post_content&#8220;][et_pb_image src=&#8220;https:\/\/wildt.chd.at\/wp-content\/uploads\/2023\/06\/20230607_165724_1.jpg&#8220; _builder_version=&#8220;4.21.0&#8243; _module_preset=&#8220;default&#8220; theme_builder_area=&#8220;post_content&#8220; title_text=&#8220;20230607_165724_1&#8243; hover_enabled=&#8220;0&#8243; sticky_enabled=&#8220;0&#8243;][\/et_pb_image][\/et_pb_column][\/et_pb_row][\/et_pb_section][et_pb_section fb_built=&#8220;1&#8243; specialty=&#8220;on&#8220; admin_label=&#8220;Why Choose Us&#8220; _builder_version=&#8220;4.20.0&#8243; _module_preset=&#8220;default&#8220; background_color=&#8220;gcid-1c7f682d-c09a-42e9-8b1c-535ba676533f&#8220; collapsed=&#8220;on&#8220; global_colors_info=&#8220;{%22gcid-1c7f682d-c09a-42e9-8b1c-535ba676533f%22:%91%22background_color%22%93}&#8220; theme_builder_area=&#8220;post_content&#8220;][et_pb_column type=&#8220;1_3&#8243; _builder_version=&#8220;4.16&#8243; _module_preset=&#8220;default&#8220; custom_padding=&#8220;|||&#8220; global_colors_info=&#8220;{}&#8220; custom_padding__hover=&#8220;|||&#8220; theme_builder_area=&#8220;post_content&#8220;][et_pb_image src=&#8220;https:\/\/wildt.chd.at\/wp-content\/uploads\/2023\/06\/20230607_105031-scaled.jpg&#8220; title_text=&#8220;20230607_105031&#8243; _builder_version=&#8220;4.21.0&#8243; _module_preset=&#8220;default&#8220; max_height_tablet=&#8220;300px&#8220; max_height_phone=&#8220;300px&#8220; max_height_last_edited=&#8220;on|tablet&#8220; global_colors_info=&#8220;{}&#8220; theme_builder_area=&#8220;post_content&#8220;][\/et_pb_image][\/et_pb_column][et_pb_column type=&#8220;2_3&#8243; specialty_columns=&#8220;2&#8243; _builder_version=&#8220;4.16&#8243; _module_preset=&#8220;default&#8220; custom_padding=&#8220;|||&#8220; global_colors_info=&#8220;{}&#8220; custom_padding__hover=&#8220;|||&#8220; theme_builder_area=&#8220;post_content&#8220;][et_pb_row_inner _builder_version=&#8220;4.20.0&#8243; _module_preset=&#8220;default&#8220; global_colors_info=&#8220;{}&#8220; theme_builder_area=&#8220;post_content&#8220;][et_pb_column_inner saved_specialty_column_type=&#8220;2_3&#8243; _builder_version=&#8220;4.20.0&#8243; _module_preset=&#8220;default&#8220; global_colors_info=&#8220;{}&#8220; theme_builder_area=&#8220;post_content&#8220;][et_pb_text _builder_version=&#8220;4.21.0&#8243; _module_preset=&#8220;b69e939e-4608-4ea4-be40-d5ac0ad3f1dc&#8220; global_colors_info=&#8220;{}&#8220; theme_builder_area=&#8220;post_content&#8220;]<\/p>\n<h4>Tierarztpraxis<\/h4>\n<p>Mag.med.vet. Herbert Wildt<\/p>\n<p>Waldgasse 18<br \/>A-7034 Zillingtal<\/p>\n<p>[\/et_pb_text][\/et_pb_column_inner][\/et_pb_row_inner][et_pb_row_inner column_structure=&#8220;1_2,1_2&#8243; _builder_version=&#8220;4.21.0&#8243; _module_preset=&#8220;default&#8220; global_colors_info=&#8220;{}&#8220; theme_builder_area=&#8220;post_content&#8220;][et_pb_column_inner type=&#8220;1_2&#8243; saved_specialty_column_type=&#8220;2_3&#8243; _builder_version=&#8220;4.20.0&#8243; _module_preset=&#8220;default&#8220; custom_padding=&#8220;|||10px|false|false&#8220; border_color_all=&#8220;rgba(41,59,69,0.2)&#8220; border_width_left=&#8220;2px&#8220; global_colors_info=&#8220;{}&#8220; theme_builder_area=&#8220;post_content&#8220;][et_pb_icon font_icon=&#8220;&#xf095;||fa||900&#8243; icon_color=&#8220;#C2BEAA&#8220; icon_width=&#8220;32px&#8220; align=&#8220;left&#8220; _builder_version=&#8220;4.21.0&#8243; _module_preset=&#8220;default&#8220; global_colors_info=&#8220;{}&#8220; theme_builder_area=&#8220;post_content&#8220;][\/et_pb_icon][et_pb_text _builder_version=&#8220;4.21.0&#8243; _module_preset=&#8220;8ac1dee6-98c6-48a9-82f4-d5b60672dc1c&#8220; global_colors_info=&#8220;{}&#8220; theme_builder_area=&#8220;post_content&#8220;]<\/p>\n<h4>Kontakt<\/h4>\n<p>[\/et_pb_text][et_pb_text _builder_version=&#8220;4.21.0&#8243; _module_preset=&#8220;c524fb16-7dc1-48ac-a7e1-16b56fa2ab6c&#8220; global_colors_info=&#8220;{}&#8220; theme_builder_area=&#8220;post_content&#8220;]<\/p>\n<p><span class=\"style_8\">Terminordination <\/span><span class=\"style_9\">nur<br \/>nach telefonischer Voranmeldung.<\/span><span class=\"style_10\"><br \/><\/span><\/p>\n<p><strong><span class=\"style_9\">Tel. 0664\/3924864<\/span><\/strong><\/p>\n<p>[\/et_pb_text][\/et_pb_column_inner][et_pb_column_inner type=&#8220;1_2&#8243; saved_specialty_column_type=&#8220;2_3&#8243; _builder_version=&#8220;4.20.0&#8243; _module_preset=&#8220;default&#8220; custom_padding=&#8220;|||10px|false|false&#8220; border_color_all=&#8220;rgba(41,59,69,0.2)&#8220; border_width_left=&#8220;2px&#8220; global_colors_info=&#8220;{}&#8220; theme_builder_area=&#8220;post_content&#8220;][et_pb_icon font_icon=&#8220;&#xf06e;||fa||900&#8243; icon_color=&#8220;#C2BEAA&#8220; icon_width=&#8220;32px&#8220; align=&#8220;left&#8220; _builder_version=&#8220;4.20.0&#8243; _module_preset=&#8220;default&#8220; locked=&#8220;off&#8220; global_colors_info=&#8220;{}&#8220; theme_builder_area=&#8220;post_content&#8220;][\/et_pb_icon][et_pb_text _builder_version=&#8220;4.21.0&#8243; _module_preset=&#8220;c524fb16-7dc1-48ac-a7e1-16b56fa2ab6c&#8220; global_colors_info=&#8220;{}&#8220; theme_builder_area=&#8220;post_content&#8220;]<\/p>\n<p><span class=\"style_10\"><strong>TERMINE werden zu folgenden Blockzeiten vergeben:<\/strong><br \/>MO: 16.00-19.00 Uhr<br \/>DI:\u00a0 8.30-11.30 Uhr, 16.00-18.00 Uhr<br \/>MI: 8.30-11.30 Uhr, 16.00-19.00 Uhr<br \/>DO: GESCHLOSSEN<br \/>Fr: 8.30-11.30 Uhr, 16.00-18.00 Uhr<\/span><\/p>\n<p>[\/et_pb_text][\/et_pb_column_inner][\/et_pb_row_inner][\/et_pb_column][\/et_pb_section]<\/p>\n","protected":false},"excerpt":{"rendered":"<p>TierarztpraxisTeamOrination f\u00fcr KleintiereMag.med.vet. Herbert Wildt,Praxisinhaber u. -leiter Schon w\u00e4hrend des Studiums hat er begonnen Erfahrungen bei verschiedenen Tier\u00e4rzten und Kliniken als Assistent zu sammeln. Nach dem Studienabschluss 1999 an der Vet.med.Uni Wien arbeitete er als Assistenztierarzt in einer grossen Gemischttierpraxis in N.\u00d6., wird dann Berater bei einem Pharmaunternehmen (GSK). 2002 wird er Amtstierarzt bei der [&hellip;]<\/p>\n","protected":false},"author":2,"featured_media":0,"parent":0,"menu_order":0,"comment_status":"closed","ping_status":"closed","template":"","meta":{"_et_pb_use_builder":"on","_et_pb_old_content":"","_et_gb_content_width":"","footnotes":""},"class_list":["post-64","page","type-page","status-publish","hentry"],"_links":{"self":[{"href":"https:\/\/wildt.chd.at\/index.php?rest_route=\/wp\/v2\/pages\/64","targetHints":{"allow":["GET"]}}],"collection":[{"href":"https:\/\/wildt.chd.at\/index.php?rest_route=\/wp\/v2\/pages"}],"about":[{"href":"https:\/\/wildt.chd.at\/index.php?rest_route=\/wp\/v2\/types\/page"}],"author":[{"embeddable":true,"href":"https:\/\/wildt.chd.at\/index.php?rest_route=\/wp\/v2\/users\/2"}],"replies":[{"embeddable":true,"href":"https:\/\/wildt.chd.at\/index.php?rest_route=%2Fwp%2Fv2%2Fcomments&post=64"}],"version-history":[{"count":3,"href":"https:\/\/wildt.chd.at\/index.php?rest_route=\/wp\/v2\/pages\/64\/revisions"}],"predecessor-version":[{"id":70,"href":"https:\/\/wildt.chd.at\/index.php?rest_route=\/wp\/v2\/pages\/64\/revisions\/70"}],"wp:attachment":[{"href":"https:\/\/wildt.chd.at\/index.php?rest_route=%2Fwp%2Fv2%2Fmedia&parent=64"}],"curies":[{"name":"wp","href":"https:\/\/api.w.org\/{rel}","templated":true}]}}